{"id":6209,"date":"2019-10-04T15:31:21","date_gmt":"2019-10-04T15:31:21","guid":{"rendered":"https:\/\/old.yesterdaysclassics.com\/books\/?page_id=6209"},"modified":"2025-03-23T14:08:48","modified_gmt":"2025-03-23T14:08:48","slug":"the-age-of-fable-by-thomas-bulfinch","status":"publish","type":"page","link":"https:\/\/old.yesterdaysclassics.com\/books\/the-age-of-fable-by-thomas-bulfinch\/","title":{"rendered":"The Age of Fable"},"content":{"rendered":"<h3 style=\"text-align: center;\"><strong>The Age of Fable<\/strong><\/h3>\n<p style=\"text-align: center;\">by Thomas Bulfinch<\/p>\n<p><span style=\"width: 100%;\"><img decoding=\"async\" alt=\"\" width=\"450\" height=\"675\" title=\"bulfinch_fable_cover\" data-id=\"6581\" src=\"\/\/yesterdaysclassics.com\/books\/wp-content\/uploads\/2019\/09\/bulfinch_fable_cover.jpg\" style=\"\" loading=\"lazy\"><\/span><\/p>\n<p style=\"text-align: center;\"><a href=\"https:\/\/old.yesterdaysclassics.com\/previews\/bulfinch_fable_preview.pdf\" style=\"outline: none; display: inline-block;\" target=\"_blank\">Look inside&#8230;<\/a><\/p>\n<p style=\"text-align: justify;\"><span>Description:&nbsp;<span style=\"font-size: 16px;\">&nbsp;A comprehensive collection of Greek and Roman myths, with a sampling from Persia, India, and Scandinavia\u2014stories enjoyable in and of themselves, but also valuable because allusions to them are so common in modern parlance. How the myths are employed by modern writers is demonstrated by the inclusion of one excerpt after another of British poetry in close proximity to the myth that inspired it.<\/span><\/span><\/p>\n<p style=\"text-align: justify;\"><span><span><span><\/span><\/span><\/span><\/p>\n<p>Additional information:<\/p>\n<p><strong>Ages:&nbsp; <\/strong><em>12-18<\/em><span><span><span><span><strong>Format:<\/strong><\/span><\/span><\/span><\/span><span><span><span><span><strong>&nbsp;&nbsp;<\/strong><\/span><\/span><\/span><\/span><em><span><span>Paperback &amp; Ebook<\/span><\/span><\/em><span><strong>Illustrations:<\/strong><\/span><em><strong><span>&nbsp;<\/span><\/strong><span><span><span><span><strong><\/strong><\/span><\/span><\/span><\/span><span>&nbsp;Black and white<\/span><\/em><span><span><span><span><strong>Year published:<\/strong>&nbsp;<\/span><\/span><\/span><\/span><span><span><span><span> <\/span><\/span><\/span><\/span><em><span><span><span><span>2024<\/span><\/span><\/span><\/span><\/em><span><span><span><strong>ISBN:<\/strong>&nbsp; <\/span><\/span><\/span><em>978-1-59915-336-0<\/em><span><span style=\"letter-spacing: px;\"><span style=\"letter-spacing: Npx;\"><span style=\"letter-spacing: Napx;\"><span style=\"letter-spacing: NaNpx;\"><span style=\"letter-spacing: .px;\"><span style=\"letter-spacing: px;\"><span style=\"letter-spacing: Npx;\"><span style=\"letter-spacing: Napx;\"><span style=\"letter-spacing: NaNpx;\"><span style=\"letter-spacing: .px;\"><span><\/span><\/span><\/span><\/span><\/span><\/span><\/span><\/span><\/span><\/span><\/span><\/span><span><span><span><span style=\"letter-spacing: px;\"><span style=\"letter-spacing: Npx;\"><span style=\"letter-spacing: Napx;\"><span style=\"letter-spacing: NaNpx;\"><span style=\"letter-spacing: .px;\"><span style=\"letter-spacing: px;\"><span style=\"letter-spacing: Npx;\"><span style=\"letter-spacing: Napx;\"><span style=\"letter-spacing: NaNpx;\"><span style=\"letter-spacing: .px;\"><strong><span>Genres:<\/span><\/strong><\/span><\/span><\/span><\/span><\/span><\/span><\/span><\/span><\/span><\/span><\/span><\/span><\/span><em><span><span><span><span style=\"letter-spacing: px;\"><span style=\"letter-spacing: Npx;\"><span style=\"letter-spacing: Napx;\"><span style=\"letter-spacing: NaNpx;\"><span style=\"letter-spacing: .px;\"><span style=\"letter-spacing: px;\"><span style=\"letter-spacing: Npx;\"><span style=\"letter-spacing: Napx;\"><span style=\"letter-spacing: NaNpx;\"><span style=\"letter-spacing: .px;\"><span>&nbsp; <\/span><\/span><\/span><\/span><\/span><\/span><\/span><\/span><\/span><\/span><\/span><\/span><\/span><\/span><span>Literature, Greek Mythology<\/span><\/em>                    <\/p>\n<p style=\"text-align: center;\">Purchase book at Amazon<\/p>\n<p style=\"text-align: center;\">Add print book to cart<\/p>\n<p style=\"text-align: center;\">Add ebook to cart<\/p>\n<p style=\"text-align: left;\"><strong><strong><strong><strong>Table of Contents<\/strong><\/strong><\/strong><\/strong><\/p>\n<p><em>1. Introduction2. Prometheus and Pandora3. Apollo and Daphne, Pyramus and Thisbe4. Juno and her Rivals, Io and Callisto5. Pha\u00ebton6. Midas, Baucis and Philemon7. Proserpine, Glaucus and Scylla8. Pygmalion, Dryope, Venus and Adonis9. Ceyx and Halcyone10. Vertumnus and Pomona, Iphis and Anaxarete11. Cupid and Psyche12. Cadmus, The Myrmidons13. Nisus and Scylla, Echo and Narcissus, Clytie14. Minerva and Arachne, Niobe15. The Gr\u00e6\u00e6 and Gorgons, Perseus16. Monsters; Giants, Sphinx, Pegasus and Chimaera17. The Golden Fleece, Medea18. Meleager and Atalanta19. Hercules, Hebe and Ganymede20. Theseus and D\u00e6dalus, Castor and Pollux21. Bacchus and Ariadne<\/em><\/p>\n<p><em>22. The Rural Deities, The Dryads and Erisichthon23. Achelous and Hercules, Admetus and Alcestis24. Orpheus and Eurydice, Arist\u00e6us, Amphion25. Arion, Ibycus, Simonides, Sappho26. Endymion, Orion, Aurora and Tithonus27. The Trojan War28. The Fall of Troy, Return of the Greeks29. The Return of Ulysses, The Lotus-eaters30. The Ph\u00e6acians, Fate of the Suitors31. The Adventures of \u00c6neas, The Harpies32. The Infernal Regions, The Sibyl33. \u00c6neas in Italy, Camilla, Evander34. Pythagoras, Egyptian Deities, Oracles35. The Origin of Mythology, Statues of Gods36. Monsters (modern); The Ph\u0153nix, Basilisk37. Eastern Mythology, Zoraster, Hindu Mythology38. Northern Mythology, Valhalla, The Valkyrior39. Thor&#8217;s Visit to Jotunheim40. The Death of Baldur, The Elves, Runic Letters41. The Druids, Iona<\/em><\/p>\n<p style=\"text-align: left;\"><strong><strong><strong><strong>An Inside View&#8230;<\/strong><\/strong><\/strong><\/strong><\/p>\n<p><span style=\"width: 100%;\"><img decoding=\"async\" alt=\"\" width=\"835\" height=\"626\" title=\"bulfinch_fable_pagespread\" data-id=\"22853\" src=\"https:\/\/old.yesterdaysclassics.com\/books\/wp-content\/uploads\/2024\/03\/bulfinch_fable_pagespread.jpg\" style=\"aspect-ratio: auto 1335 \/ 1002;\" data-width=\"835\" data-height=\"626\" data-init-width=\"1335\" data-init-height=\"1002\" loading=\"lazy\"><\/span><\/p>\n<p><strong><strong><strong>Related Titles&#8230;<\/strong><\/strong><\/strong><\/p>\n<p><span style=\"width: 100%;\"><a href=\"https:\/\/old.yesterdaysclassics.com\/books\/the-adventures-of-odysseus-and-the-tale-of-troy-by-padraic-colum\"><img decoding=\"async\" alt=\"\" width=\"450\" height=\"675\" title=\"colum_odysseus_cover\" data-id=\"8187\" src=\"\/\/yesterdaysclassics.com\/books\/wp-content\/uploads\/2019\/10\/colum_odysseus_cover.jpg\" style=\"\" loading=\"lazy\"><\/a><\/span><\/p>\n<p style=\"text-align: center;\"><a href=\"https:\/\/old.yesterdaysclassics.com\/books\/the-adventures-of-odysseus-and-the-tale-of-troy-by-padraic-colum\" style=\"outline: none;\"><strong>The Adventures of Odysseus and the Tale of Troy<\/strong><\/a><\/p>\n<p style=\"text-align: center;\">by Padraic Colum<\/p>\n<p style=\"text-align: center;\">\n<p><span style=\"width: 100%;\"><a href=\"https:\/\/old.yesterdaysclassics.com\/books\/the-children-of-odin-a-book-of-northern-myths-by-padraic-colum\"><img decoding=\"async\" alt=\"\" width=\"450\" height=\"675\" title=\"colum_odin_cover\" data-id=\"6614\" src=\"\/\/yesterdaysclassics.com\/books\/wp-content\/uploads\/2019\/09\/colum_odin_cover.jpg\" style=\"\" loading=\"lazy\"><\/a><\/span><\/p>\n<p style=\"text-align: center;\"><a href=\"https:\/\/old.yesterdaysclassics.com\/books\/the-children-of-odin-a-book-of-northern-myths-by-padraic-colum\" style=\"outline: none;\"><strong>The Children of Odin: A Book of Northern Myths<\/strong><\/a><\/p>\n<p style=\"text-align: center;\">by Padraic Colum<\/p>\n<p style=\"text-align: center;\">\n<p><span style=\"width: 100%;\"><a href=\"https:\/\/old.yesterdaysclassics.com\/books\/a-wonder-book-for-girls-and-boys-by-nathaniel-hawthorne\"><img decoding=\"async\" alt=\"\" width=\"450\" height=\"675\" title=\"hawthorne_wonder_cover\" data-id=\"3002\" src=\"\/\/yesterdaysclassics.com\/books\/wp-content\/uploads\/2019\/06\/hawthorne_wonder_cover.jpg\" style=\"\" loading=\"lazy\"><\/a><\/span><\/p>\n<p style=\"text-align: center;\"><a href=\"https:\/\/old.yesterdaysclassics.com\/books\/a-wonder-book-for-girls-and-boys-by-nathaniel-hawthorne\" style=\"outline: none;\"><strong>A Wonder Book for Girls and Boys<\/strong><\/a><\/p>\n<p style=\"text-align: center;\">by Nathaniel Hawthorne<\/p>\n<p><!--[if !supportLineBreakNewLine]--><!--[endif]--><span style=\"width: 100%;\"><a href=\"https:\/\/old.yesterdaysclassics.com\/books\/the-heroes-by-charles-kingsley\"><img decoding=\"async\" alt=\"\" width=\"450\" height=\"675\" title=\"kingsley_heroes_cover\" data-id=\"3004\" src=\"\/\/yesterdaysclassics.com\/books\/wp-content\/uploads\/2019\/06\/kingsley_heroes_cover.jpg\" style=\"\" loading=\"lazy\"><\/a><\/span><\/p>\n<p style=\"text-align: center;\"><a href=\"https:\/\/old.yesterdaysclassics.com\/books\/the-heroes-by-charles-kingsley\" style=\"outline: none;\"><strong>The Heroes<\/strong><\/a><\/p>\n<p style=\"text-align: center;\">by Charles Kingsley<\/p>\n<p style=\"text-align: center;\">\n","protected":false},"excerpt":{"rendered":"<p>The Age of Fable by Thomas Bulfinch Look inside&#8230; Description:&nbsp;&nbsp;A comprehensive collection of Greek and Roman myths, with a sampling from Persia, India, and Scandinavia\u2014stories enjoyable in and of themselves, but also valuable because allusions to them are so common in modern parlance. How the myths are employed by modern writers is demonstrated by the [&hellip;]<\/p>\n","protected":false},"author":2,"featured_media":0,"parent":0,"menu_order":0,"comment_status":"closed","ping_status":"closed","template":"","meta":{"_monsterinsights_skip_tracking":false,"_monsterinsights_sitenote_active":false,"_monsterinsights_sitenote_note":"","_monsterinsights_sitenote_category":0,"footnotes":""},"class_list":["post-6209","page","type-page","status-publish","hentry"],"_links":{"self":[{"href":"https:\/\/old.yesterdaysclassics.com\/books\/wp-json\/wp\/v2\/pages\/6209","targetHints":{"allow":["GET"]}}],"collection":[{"href":"https:\/\/old.yesterdaysclassics.com\/books\/wp-json\/wp\/v2\/pages"}],"about":[{"href":"https:\/\/old.yesterdaysclassics.com\/books\/wp-json\/wp\/v2\/types\/page"}],"author":[{"embeddable":true,"href":"https:\/\/old.yesterdaysclassics.com\/books\/wp-json\/wp\/v2\/users\/2"}],"replies":[{"embeddable":true,"href":"https:\/\/old.yesterdaysclassics.com\/books\/wp-json\/wp\/v2\/comments?post=6209"}],"version-history":[{"count":28,"href":"https:\/\/old.yesterdaysclassics.com\/books\/wp-json\/wp\/v2\/pages\/6209\/revisions"}],"predecessor-version":[{"id":23216,"href":"https:\/\/old.yesterdaysclassics.com\/books\/wp-json\/wp\/v2\/pages\/6209\/revisions\/23216"}],"wp:attachment":[{"href":"https:\/\/old.yesterdaysclassics.com\/books\/wp-json\/wp\/v2\/media?parent=6209"}],"curies":[{"name":"wp","href":"https:\/\/api.w.org\/{rel}","templated":true}]}}